{"id":24246,"date":"2021-02-22T20:32:41","date_gmt":"2021-02-22T17:32:41","guid":{"rendered":"https:\/\/emg.lv\/?page_id=24246"},"modified":"2025-11-24T15:08:07","modified_gmt":"2025-11-24T12:08:07","slug":"octa","status":"publish","type":"page","link":"https:\/\/emg.lv\/en\/octa\/","title":{"rendered":"OCTA"},"content":{"rendered":"<section class=\"l-section wpb_row us_custom_f8d17576 height_auto heading-top has_text_color\"><div class=\"l-section-h i-cf\"><div class=\"g-cols vc_row type_default valign_middle\"><div class=\"vc_col-sm-12 wpb_column vc_column_container\"><div class=\"vc_column-inner\"><div class=\"wpb_wrapper\"><h1 class=\"w-post-elm post_title us_custom_08fe162e align_left entry-title color_link_inherit heading-top-text\">OCTA<\/h1><\/div><\/div><\/div><\/div><\/div><\/section><section class=\"l-section wpb_row height_medium color_alternate with_overlay\" id=\"team\"><div class=\"l-section-overlay\" style=\"background: #f5f5f5\"><\/div><div class=\"l-section-h i-cf\"><div class=\"g-cols vc_row type_default valign_top\"><div class=\"vc_col-sm-12 wpb_column vc_column_container animate_afb\" id=\"about-us-page\"><div class=\"vc_column-inner\"><div class=\"wpb_wrapper\"><div class=\"wpb_text_column us_custom_b4198c51\" ><div class=\"wpb_wrapper\"><p>MTPL is a compulsory civil liability insurance of owners of land vehicles, which is required for all types of vehicles that are road users.<\/p>\n<p>OCTA insurance provides for the civil liability of the owner or legal user of the vehicle for losses caused to a third party as a result of a road traffic accident.<\/p>\n<\/div><\/div><div class=\"w-separator size_small\"><\/div><div class=\"wpb_text_column\" ><div class=\"wpb_wrapper\"><h2><span class=\"highlight highlight_primary\">TERRITORY OF ACTION<\/span> OF THE POLIS MUST?<\/h2>\n<\/div><\/div><div class=\"wpb_text_column us_custom_b4198c51\" ><div class=\"wpb_wrapper\"><p>The OCTA policy is valid throughout Europe. On the territory of Latvia, it is not necessary to have a printed MTPL policy with you, it is valid in electronic form. But when traveling abroad, you should take the OCTA policy with you.<\/p>\n<\/div><\/div><div class=\"w-separator size_small\"><\/div><div class=\"wpb_text_column\" ><div class=\"wpb_wrapper\"><h2><span class=\"highlight highlight_primary\">HOW MUCH<\/span> IS THE INSURANCE POLICY COST?<\/h2>\n<\/div><\/div><div class=\"wpb_text_column us_custom_b4198c51\" ><div class=\"wpb_wrapper\"><p>The size of the MTPL insurance premium, or the price of the MTPL policy, is determined by each insurance company in different ways, taking into account different criteria:<\/p>\n<ul>\n<li>driving history of the vehicle owner;<\/li>\n<li>validity period of MTPL insurance (MTPL policy can be purchased for 3, 6, 9 or 12 months);<\/li>\n<li>type of vehicle;<\/li>\n<li>total mass of the vehicle;<\/li>\n<li>vehicle registration place &#8211; Riga or region;<\/li>\n<li>legal status of the vehicle owner &#8211; a natural or legal person;<\/li>\n<li>for what purposes the vehicle is used.<\/li>\n<\/ul>\n<\/div><\/div><div class=\"w-separator size_small\"><\/div><div class=\"wpb_text_column\" ><div class=\"wpb_wrapper\"><h2>WHO CAN<span class=\"highlight highlight_primary\"> RECEIVE<\/span> OCTA REFUND?<\/h2>\n<\/div><\/div><div class=\"wpb_text_column us_custom_b4198c51\" ><div class=\"wpb_wrapper\"><p>A person injured in a road traffic accident has the right to receive MTPL insurance indemnity, if he is not found guilty of it. This could be:<\/p>\n<ul>\n<li>the owner or driver of the vehicle;<\/li>\n<li>a passenger &#8211; even if he was in the vehicle that caused the traffic accident;<\/li>\n<li>a pedestrian.<\/li>\n<\/ul>\n<\/div><\/div><div class=\"w-separator size_small\"><\/div><div class=\"wpb_text_column\" ><div class=\"wpb_wrapper\"><h2>WHO IS<span class=\"highlight highlight_primary\"> COVERING<\/span> OCTA DAMAGES?<\/h2>\n<\/div><\/div><div class=\"wpb_text_column us_custom_b4198c51\" ><div class=\"wpb_wrapper\"><p>Losses are reimbursed by an insurance company that has insured the civil liability of the vehicle owner who caused the loss (the guilty vehicle).<\/p>\n<\/div><\/div><\/div><\/div><\/div><\/div><\/div><\/section><section class=\"l-section wpb_row us_custom_d86eda87 height_medium horiz-form\"><div class=\"l-section-h i-cf\"><div class=\"g-cols vc_row type_default valign_top\"><div class=\"vc_col-sm-12 wpb_column vc_column_container animate_afb\"><div class=\"vc_column-inner\"><div class=\"wpb_wrapper\"><div class=\"wpb_text_column us_custom_492179a4\" ><div class=\"wpb_wrapper\"><h2 style=\"text-align: center; font-weight: 700!important;\"><strong>V\u0112LIES UZZIN\u0100T POLISES <\/strong> <span class=\"highlight highlight_primary\">CENU<\/span>?<\/h2>\n<\/div><\/div><div class=\"g-cols wpb_row  us_custom_a3dda067 type_default valign_top vc_inner\" id=\"customized-form2\"><div class=\"vc_col-sm-12 wpb_column vc_column_container has-fill\" id=\"horiz-form\"><div class=\"vc_column-inner us_custom_05b37bea\"><div class=\"wpb_wrapper\"><div class=\"wpb_text_column us_custom_0e271679\" ><div class=\"wpb_wrapper\"><p style=\"text-align: center;\">Aizpildiet veidlapu un uzziniet polises cenu. Lauki, kas atz\u012bm\u0113ti ar (*), ir oblig\u0101ti<\/p>\n<\/div><\/div><div class=\"w-form  layout_ver for_cform us_form_1\">\r\n\t<form class=\"w-form-h\" autocomplete=\"off\" action=\"https:\/\/emg.lv\/en\/wp-json\/wp\/v2\/pages\/24246\" method=\"post\">\r\n\t\t<div class=\"w-form-row for_text has_label move_label required with_icon cols_4\">\r\n\t\t\t<div class=\"w-form-row-label\">\r\n\t\t\t<span>V\u0101rds *<\/span>\r\n\t\t<\/div>\r\n\t\t<div class=\"w-form-row-field\">\r\n\t\t\t\t<i class=\"material-icons\">person<\/i>\t\t<input aria-label=\"V\u0101rds\" type=\"text\" name=\"us_form_1_text_1\" value placeholder data-required=\"true\" aria-required=\"true\"\/>\r\n\t\t\t<\/div>\r\n\t\t<div class=\"w-form-row-state\">Fill out this field<\/div>\r\n<\/div>\r\n<div class=\"w-form-row for_text has_label move_label required with_icon cols_4\">\r\n\t\t\t<div class=\"w-form-row-label\">\r\n\t\t\t<span>Uzv\u0101rds *<\/span>\r\n\t\t<\/div>\r\n\t\t<div class=\"w-form-row-field\">\r\n\t\t\t\t<i class=\"material-icons\">person<\/i>\t\t<input aria-label=\"Uzv\u0101rds\" type=\"text\" name=\"us_form_1_text_2\" value placeholder data-required=\"true\" aria-required=\"true\"\/>\r\n\t\t\t<\/div>\r\n\t\t<div class=\"w-form-row-state\">Fill out this field<\/div>\r\n<\/div>\r\n<div class=\"w-form-row for_text has_label move_label required with_icon cols_4\">\r\n\t\t\t<div class=\"w-form-row-label\">\r\n\t\t\t<span>Email *<\/span>\r\n\t\t<\/div>\r\n\t\t<div class=\"w-form-row-field\">\r\n\t\t\t\t<i class=\"material-icons\">email<\/i>\t\t<input aria-label=\"Email\" type=\"text\" name=\"us_form_1_text_3\" value placeholder data-required=\"true\" aria-required=\"true\"\/>\r\n\t\t\t<\/div>\r\n\t\t<div class=\"w-form-row-state\">Fill out this field<\/div>\r\n<\/div>\r\n<div class=\"w-form-row for_text has_label move_label required with_icon cols_4\">\r\n\t\t\t<div class=\"w-form-row-label\">\r\n\t\t\t<span>T\u0101lrunis *<\/span>\r\n\t\t<\/div>\r\n\t\t<div class=\"w-form-row-field\">\r\n\t\t\t\t<i class=\"material-icons\">phone<\/i>\t\t<input aria-label=\"T\u0101lrunis\" type=\"text\" name=\"us_form_1_text_4\" value placeholder data-required=\"true\" aria-required=\"true\"\/>\r\n\t\t\t<\/div>\r\n\t\t<div class=\"w-form-row-state\">Fill out this field<\/div>\r\n<\/div>\r\n<div class=\"w-form-row for_text has_label move_label required with_icon cols_3\">\r\n\t\t\t<div class=\"w-form-row-label\">\r\n\t\t\t<span>Valsts numurs *<\/span>\r\n\t\t<\/div>\r\n\t\t<div class=\"w-form-row-field\">\r\n\t\t\t\t<i class=\"material-icons\">directions_car<\/i>\t\t<input aria-label=\"Valsts numurs\" type=\"text\" name=\"us_form_1_text_5\" value placeholder data-required=\"true\" aria-required=\"true\"\/>\r\n\t\t\t<\/div>\r\n\t\t<div class=\"w-form-row-state\">Fill out this field<\/div>\r\n<\/div>\r\n<div class=\"w-form-row for_text has_label move_label required with_icon cols_3\">\r\n\t\t\t<div class=\"w-form-row-label\">\r\n\t\t\t<span>Teh. pases numurs *<\/span>\r\n\t\t<\/div>\r\n\t\t<div class=\"w-form-row-field\">\r\n\t\t\t\t<i class=\"material-icons\">article<\/i>\t\t<input aria-label=\"Teh. pases numurs\" type=\"text\" name=\"us_form_1_text_6\" value placeholder data-required=\"true\" aria-required=\"true\"\/>\r\n\t\t\t<\/div>\r\n\t\t<div class=\"w-form-row-state\">Fill out this field<\/div>\r\n<\/div>\r\n<div class=\"w-form-row for_text has_label move_label required with_icon cols_3\">\r\n\t\t\t<div class=\"w-form-row-label\">\r\n\t\t\t<span>Kad ar Jums sazin\u0101ties? *<\/span>\r\n\t\t<\/div>\r\n\t\t<div class=\"w-form-row-field\">\r\n\t\t\t\t<i class=\"material-icons\">calendar_today<\/i>\t\t<input aria-label=\"Kad ar Jums sazin\u0101ties?\" type=\"text\" name=\"us_form_1_text_7\" value placeholder data-required=\"true\" aria-required=\"true\"\/>\r\n\t\t\t<\/div>\r\n\t\t<div class=\"w-form-row-state\">Fill out this field<\/div>\r\n<\/div>\r\n<div class=\"w-form-row for_radio has_label cols_3\">\r\n\t\t\t<div class=\"w-form-row-label\">\r\n\t\t\t<span>\u041e\u0421\u0422\u0410<\/span>\r\n\t\t<\/div>\r\n\t\t<div class=\"w-form-row-field\">\r\n\t\t\t\t\t<label>\r\n\t\t\t\t<input type=\"radio\" class=\"screen-reader-text\" name=\"us_form_1_radio_1\" value=\"3 m\u0113ne\u0161us\" checked='checked'\/>\r\n\t\t\t\t<span class=\"w-form-radio\"><\/span>\r\n\t\t\t\t<span>3 m\u0113ne\u0161us<\/span>\r\n\t\t\t<\/label>\r\n\t\t\t\t\t\t<label>\r\n\t\t\t\t<input type=\"radio\" class=\"screen-reader-text\" name=\"us_form_1_radio_1\" value=\"6 m\u0113ne\u0161us\"\/>\r\n\t\t\t\t<span class=\"w-form-radio\"><\/span>\r\n\t\t\t\t<span>6 m\u0113ne\u0161us<\/span>\r\n\t\t\t<\/label>\r\n\t\t\t\t\t\t<label>\r\n\t\t\t\t<input type=\"radio\" class=\"screen-reader-text\" name=\"us_form_1_radio_1\" value=\"9 m\u0113ne\u0161us\"\/>\r\n\t\t\t\t<span class=\"w-form-radio\"><\/span>\r\n\t\t\t\t<span>9 m\u0113ne\u0161us<\/span>\r\n\t\t\t<\/label>\r\n\t\t\t\t\t\t<label>\r\n\t\t\t\t<input type=\"radio\" class=\"screen-reader-text\" name=\"us_form_1_radio_1\" value=\"12 m\u0113ne\u0161us\"\/>\r\n\t\t\t\t<span class=\"w-form-radio\"><\/span>\r\n\t\t\t\t<span>12 m\u0113ne\u0161us<\/span>\r\n\t\t\t<\/label>\r\n\t\t\t\t<\/div>\r\n\t\t<div class=\"w-form-row-state\">Select an option<\/div>\r\n<\/div>\r\n<div class=\"w-form-row for_radio has_label cols_3\">\r\n\t\t\t<div class=\"w-form-row-label\">\r\n\t\t\t<span>KASKO<\/span>\r\n\t\t<\/div>\r\n\t\t<div class=\"w-form-row-field\">\r\n\t\t\t\t\t<label>\r\n\t\t\t\t<input type=\"radio\" class=\"screen-reader-text\" name=\"us_form_1_radio_2\" value=\"J\u0101\" checked='checked'\/>\r\n\t\t\t\t<span class=\"w-form-radio\"><\/span>\r\n\t\t\t\t<span>J\u0101<\/span>\r\n\t\t\t<\/label>\r\n\t\t\t\t\t\t<label>\r\n\t\t\t\t<input type=\"radio\" class=\"screen-reader-text\" name=\"us_form_1_radio_2\" value=\"N\u0113\"\/>\r\n\t\t\t\t<span class=\"w-form-radio\"><\/span>\r\n\t\t\t\t<span>N\u0113<\/span>\r\n\t\t\t<\/label>\r\n\t\t\t\t<\/div>\r\n\t\t<div class=\"w-form-row-state\">Select an option<\/div>\r\n<\/div>\r\n<div class=\"w-form-row for_checkboxes has_label required cols_3\">\r\n\t\t\t<div class=\"w-form-row-label\">\r\n\t\t\t<span>K\u0101 ar Jums sazin\u0101ties? <span class=\"required\">*<\/span><\/span>\r\n\t\t<\/div>\r\n\t\t<div class=\"w-form-row-field\">\r\n\t\t\t\t\t<label>\r\n\t\t\t\t<input type=\"checkbox\" class=\"screen-reader-text\" name=\"us_form_1_checkboxes_1[]\" data-required=\"true\" value=\"E-mail\"\/>\r\n\t\t\t\t<span class=\"w-form-checkbox\"><\/span>\r\n\t\t\t\t<span>E-mail<\/span>\r\n\t\t\t<\/label>\r\n\t\t\t\t\t\t<label>\r\n\t\t\t\t<input type=\"checkbox\" class=\"screen-reader-text\" name=\"us_form_1_checkboxes_1[]\" data-required=\"true\" value=\"T\u0101lrunis\"\/>\r\n\t\t\t\t<span class=\"w-form-checkbox\"><\/span>\r\n\t\t\t\t<span>T\u0101lrunis<\/span>\r\n\t\t\t<\/label>\r\n\t\t\t\t<\/div>\r\n\t\t<div class=\"w-form-row-state\">Select an option<\/div>\r\n<\/div>\r\n<input type=\"hidden\" name=\"action\" value=\"us_ajax_cform\" \/><input type=\"hidden\" name=\"post_id\" value \/><input type=\"hidden\" name=\"form_index\" value=\"1\" \/><div class=\"w-form-row for_submit align_center\">\r\n\t<div class=\"w-form-row-field\">\r\n\t\t\t\t<button class=\"w-btn  us-btn-style_1\" aria-label=\"Uzzin\u0101t cenu\" type=\"submit\">\r\n\t\t\t<span class=\"g-preloader type_1\"><\/span>\r\n\t\t\t\t\t\t<span class=\"w-btn-label\">Uzzin\u0101t cenu<\/span>\r\n\t\t\t\t\t<\/button>\r\n\t<\/div>\r\n<\/div>\t<\/form>\r\n\t<div class=\"w-form-message\"><\/div>\r\n\t<div class=\"w-form-json hidden\" onclick='return {&quot;ajaxurl&quot;:&quot;https:\\\/\\\/emg.lv\\\/wp-admin\\\/admin-ajax.php&quot;}'><\/div>\r\n<\/div><\/div><\/div><\/div><\/div><\/div><\/div><\/div><\/div><\/div><\/section><!-- Row Backgrounds -->\n","protected":false},"excerpt":{"rendered":"OCTAMTPL is a compulsory civil liability insurance of owners of land vehicles, which is required for all types of vehicles that are road users. OCTA insurance provides for the civil liability of the owner or legal user of the vehicle for losses caused to a third party as a result of a road traffic accident....","protected":false},"author":1,"featured_media":0,"parent":0,"menu_order":0,"comment_status":"closed","ping_status":"closed","template":"","meta":[],"_links":{"self":[{"href":"https:\/\/emg.lv\/en\/wp-json\/wp\/v2\/pages\/24246"}],"collection":[{"href":"https:\/\/emg.lv\/en\/wp-json\/wp\/v2\/pages"}],"about":[{"href":"https:\/\/emg.lv\/en\/wp-json\/wp\/v2\/types\/page"}],"author":[{"embeddable":true,"href":"https:\/\/emg.lv\/en\/wp-json\/wp\/v2\/users\/1"}],"replies":[{"embeddable":true,"href":"https:\/\/emg.lv\/en\/wp-json\/wp\/v2\/comments?post=24246"}],"version-history":[{"count":14,"href":"https:\/\/emg.lv\/en\/wp-json\/wp\/v2\/pages\/24246\/revisions"}],"predecessor-version":[{"id":24317,"href":"https:\/\/emg.lv\/en\/wp-json\/wp\/v2\/pages\/24246\/revisions\/24317"}],"wp:attachment":[{"href":"https:\/\/emg.lv\/en\/wp-json\/wp\/v2\/media?parent=24246"}],"curies":[{"name":"wp","href":"https:\/\/api.w.org\/{rel}","templated":true}]}}